{"id":1809,"date":"2024-04-04T12:58:11","date_gmt":"2024-04-04T12:58:11","guid":{"rendered":"https:\/\/blochavocats.com\/droit-de-limmobilier-et-de-la-construction\/"},"modified":"2025-09-17T10:19:17","modified_gmt":"2025-09-17T10:19:17","slug":"droit-de-limmobilier-et-de-la-construction","status":"publish","type":"page","link":"http:\/\/blochavocats.com\/de\/domains\/droit-de-limmobilier-et-de-la-construction\/","title":{"rendered":"Droit de l&#8217;immobilier et de la construction"},"content":{"rendered":"","protected":false},"excerpt":{"rendered":"","protected":false},"author":2,"featured_media":0,"parent":1814,"menu_order":0,"comment_status":"closed","ping_status":"closed","template":"page-templates\/single-sector.php","meta":{"_acf_changed":false,"inline_featured_image":false,"footnotes":""},"categories":[],"class_list":["post-1809","page","type-page","status-publish","hentry"],"acf":[],"yoast_head":"<!-- This site is optimized with the Yoast SEO plugin v27.5 - https:\/\/yoast.com\/product\/yoast-seo-wordpress\/ -->\n<title>Droit de l&#039;immobilier et de la construction - Bloch Avocats<\/title>\n<meta name=\"description\" content=\"Bloch Avocats \u00e0 Yverdon-les-Bains : expertise en droit immobilier et construction, copropri\u00e9t\u00e9, permis, d\u00e9fauts de l\u2019ouvrage, acquisitions par \u00e9trangers, droit du voisinage.\" \/>\n<meta name=\"robots\" content=\"index, follow, max-snippet:-1, max-image-preview:large, max-video-preview:-1\" \/>\n<link rel=\"canonical\" href=\"http:\/\/blochavocats.com\/de\/domains\/droit-de-limmobilier-et-de-la-construction\/\" \/>\n<meta property=\"og:locale\" content=\"de_DE\" \/>\n<meta property=\"og:type\" content=\"article\" \/>\n<meta property=\"og:title\" content=\"Droit de l&#039;immobilier et de la construction - Bloch Avocats\" \/>\n<meta property=\"og:description\" content=\"Bloch Avocats \u00e0 Yverdon-les-Bains : expertise en droit immobilier et construction, copropri\u00e9t\u00e9, permis, d\u00e9fauts de l\u2019ouvrage, acquisitions par \u00e9trangers, droit du voisinage.\" \/>\n<meta property=\"og:url\" content=\"http:\/\/blochavocats.com\/de\/domains\/droit-de-limmobilier-et-de-la-construction\/\" \/>\n<meta property=\"og:site_name\" content=\"Bloch Avocats\" \/>\n<meta property=\"article:modified_time\" content=\"2025-09-17T10:19:17+00:00\" \/>\n<meta name=\"twitter:card\" content=\"summary_large_image\" \/>\n<script type=\"application\/ld+json\" class=\"yoast-schema-graph\">{\"@context\":\"https:\\\/\\\/schema.org\",\"@graph\":[{\"@type\":\"WebPage\",\"@id\":\"http:\\\/\\\/blochavocats.com\\\/de\\\/domains\\\/droit-de-limmobilier-et-de-la-construction\\\/\",\"url\":\"http:\\\/\\\/blochavocats.com\\\/de\\\/domains\\\/droit-de-limmobilier-et-de-la-construction\\\/\",\"name\":\"Droit de l'immobilier et de la construction - Bloch Avocats\",\"isPartOf\":{\"@id\":\"https:\\\/\\\/blochavocats.com\\\/#website\"},\"datePublished\":\"2024-04-04T12:58:11+00:00\",\"dateModified\":\"2025-09-17T10:19:17+00:00\",\"description\":\"Bloch Avocats \u00e0 Yverdon-les-Bains : expertise en droit immobilier et construction, copropri\u00e9t\u00e9, permis, d\u00e9fauts de l\u2019ouvrage, acquisitions par \u00e9trangers, droit du voisinage.\",\"breadcrumb\":{\"@id\":\"http:\\\/\\\/blochavocats.com\\\/de\\\/domains\\\/droit-de-limmobilier-et-de-la-construction\\\/#breadcrumb\"},\"inLanguage\":\"de\",\"potentialAction\":[{\"@type\":\"ReadAction\",\"target\":[\"http:\\\/\\\/blochavocats.com\\\/de\\\/domains\\\/droit-de-limmobilier-et-de-la-construction\\\/\"]}]},{\"@type\":\"BreadcrumbList\",\"@id\":\"http:\\\/\\\/blochavocats.com\\\/de\\\/domains\\\/droit-de-limmobilier-et-de-la-construction\\\/#breadcrumb\",\"itemListElement\":[{\"@type\":\"ListItem\",\"position\":1,\"name\":\"Home\",\"item\":\"http:\\\/\\\/blochavocats.com\\\/de\\\/\"},{\"@type\":\"ListItem\",\"position\":2,\"name\":\"Domains\",\"item\":\"http:\\\/\\\/blochavocats.com\\\/de\\\/domains\\\/\"},{\"@type\":\"ListItem\",\"position\":3,\"name\":\"Droit de l&#8217;immobilier et de la construction\"}]},{\"@type\":\"WebSite\",\"@id\":\"https:\\\/\\\/blochavocats.com\\\/#website\",\"url\":\"https:\\\/\\\/blochavocats.com\\\/\",\"name\":\"Bloch Avocats\",\"description\":\"\",\"potentialAction\":[{\"@type\":\"SearchAction\",\"target\":{\"@type\":\"EntryPoint\",\"urlTemplate\":\"https:\\\/\\\/blochavocats.com\\\/?s={search_term_string}\"},\"query-input\":{\"@type\":\"PropertyValueSpecification\",\"valueRequired\":true,\"valueName\":\"search_term_string\"}}],\"inLanguage\":\"de\"}]}<\/script>\n<!-- \/ Yoast SEO plugin. -->","yoast_head_json":{"title":"Droit de l'immobilier et de la construction - Bloch Avocats","description":"Bloch Avocats \u00e0 Yverdon-les-Bains : expertise en droit immobilier et construction, copropri\u00e9t\u00e9, permis, d\u00e9fauts de l\u2019ouvrage, acquisitions par \u00e9trangers, droit du voisinage.","robots":{"index":"index","follow":"follow","max-snippet":"max-snippet:-1","max-image-preview":"max-image-preview:large","max-video-preview":"max-video-preview:-1"},"canonical":"http:\/\/blochavocats.com\/de\/domains\/droit-de-limmobilier-et-de-la-construction\/","og_locale":"de_DE","og_type":"article","og_title":"Droit de l'immobilier et de la construction - Bloch Avocats","og_description":"Bloch Avocats \u00e0 Yverdon-les-Bains : expertise en droit immobilier et construction, copropri\u00e9t\u00e9, permis, d\u00e9fauts de l\u2019ouvrage, acquisitions par \u00e9trangers, droit du voisinage.","og_url":"http:\/\/blochavocats.com\/de\/domains\/droit-de-limmobilier-et-de-la-construction\/","og_site_name":"Bloch Avocats","article_modified_time":"2025-09-17T10:19:17+00:00","twitter_card":"summary_large_image","schema":{"@context":"https:\/\/schema.org","@graph":[{"@type":"WebPage","@id":"http:\/\/blochavocats.com\/de\/domains\/droit-de-limmobilier-et-de-la-construction\/","url":"http:\/\/blochavocats.com\/de\/domains\/droit-de-limmobilier-et-de-la-construction\/","name":"Droit de l'immobilier et de la construction - Bloch Avocats","isPartOf":{"@id":"https:\/\/blochavocats.com\/#website"},"datePublished":"2024-04-04T12:58:11+00:00","dateModified":"2025-09-17T10:19:17+00:00","description":"Bloch Avocats \u00e0 Yverdon-les-Bains : expertise en droit immobilier et construction, copropri\u00e9t\u00e9, permis, d\u00e9fauts de l\u2019ouvrage, acquisitions par \u00e9trangers, droit du voisinage.","breadcrumb":{"@id":"http:\/\/blochavocats.com\/de\/domains\/droit-de-limmobilier-et-de-la-construction\/#breadcrumb"},"inLanguage":"de","potentialAction":[{"@type":"ReadAction","target":["http:\/\/blochavocats.com\/de\/domains\/droit-de-limmobilier-et-de-la-construction\/"]}]},{"@type":"BreadcrumbList","@id":"http:\/\/blochavocats.com\/de\/domains\/droit-de-limmobilier-et-de-la-construction\/#breadcrumb","itemListElement":[{"@type":"ListItem","position":1,"name":"Home","item":"http:\/\/blochavocats.com\/de\/"},{"@type":"ListItem","position":2,"name":"Domains","item":"http:\/\/blochavocats.com\/de\/domains\/"},{"@type":"ListItem","position":3,"name":"Droit de l&#8217;immobilier et de la construction"}]},{"@type":"WebSite","@id":"https:\/\/blochavocats.com\/#website","url":"https:\/\/blochavocats.com\/","name":"Bloch Avocats","description":"","potentialAction":[{"@type":"SearchAction","target":{"@type":"EntryPoint","urlTemplate":"https:\/\/blochavocats.com\/?s={search_term_string}"},"query-input":{"@type":"PropertyValueSpecification","valueRequired":true,"valueName":"search_term_string"}}],"inLanguage":"de"}]}},"_links":{"self":[{"href":"http:\/\/blochavocats.com\/de\/wp-json\/wp\/v2\/pages\/1809","targetHints":{"allow":["GET"]}}],"collection":[{"href":"http:\/\/blochavocats.com\/de\/wp-json\/wp\/v2\/pages"}],"about":[{"href":"http:\/\/blochavocats.com\/de\/wp-json\/wp\/v2\/types\/page"}],"author":[{"embeddable":true,"href":"http:\/\/blochavocats.com\/de\/wp-json\/wp\/v2\/users\/2"}],"replies":[{"embeddable":true,"href":"http:\/\/blochavocats.com\/de\/wp-json\/wp\/v2\/comments?post=1809"}],"version-history":[{"count":1,"href":"http:\/\/blochavocats.com\/de\/wp-json\/wp\/v2\/pages\/1809\/revisions"}],"predecessor-version":[{"id":1810,"href":"http:\/\/blochavocats.com\/de\/wp-json\/wp\/v2\/pages\/1809\/revisions\/1810"}],"up":[{"embeddable":true,"href":"http:\/\/blochavocats.com\/de\/wp-json\/wp\/v2\/pages\/1814"}],"wp:attachment":[{"href":"http:\/\/blochavocats.com\/de\/wp-json\/wp\/v2\/media?parent=1809"}],"wp:term":[{"taxonomy":"category","embeddable":true,"href":"http:\/\/blochavocats.com\/de\/wp-json\/wp\/v2\/categories?post=1809"}],"curies":[{"name":"wp","href":"https:\/\/api.w.org\/{rel}","templated":true}]}}