{"id":1811,"date":"2024-04-04T12:58:27","date_gmt":"2024-04-04T12:58:27","guid":{"rendered":"https:\/\/blochavocats.com\/accompagnement-des-particuliers\/"},"modified":"2025-09-17T10:19:17","modified_gmt":"2025-09-17T10:19:17","slug":"accompagnement-des-particuliers","status":"publish","type":"page","link":"http:\/\/blochavocats.com\/de\/domains\/accompagnement-des-particuliers\/","title":{"rendered":"Accompagnement des particuliers"},"content":{"rendered":"","protected":false},"excerpt":{"rendered":"","protected":false},"author":2,"featured_media":0,"parent":1814,"menu_order":0,"comment_status":"closed","ping_status":"closed","template":"page-templates\/single-sector.php","meta":{"_acf_changed":false,"inline_featured_image":false,"footnotes":""},"categories":[],"class_list":["post-1811","page","type-page","status-publish","hentry"],"acf":[],"yoast_head":"<!-- This site is optimized with the Yoast SEO plugin v27.4 - https:\/\/yoast.com\/product\/yoast-seo-wordpress\/ -->\n<title>Accompagnement des particuliers - Bloch Avocats<\/title>\n<meta name=\"description\" content=\"Accompagnement personnalis\u00e9 par Bloch Avocats \u00e0 Yverdon-les-Bains : planification matrimoniale, successions, droit p\u00e9nal, cr\u00e9ances, et droits des \u00e9trangers.\" \/>\n<meta name=\"robots\" content=\"index, follow, max-snippet:-1, max-image-preview:large, max-video-preview:-1\" \/>\n<link rel=\"canonical\" href=\"https:\/\/blochavocats.com\/de\/domains\/accompagnement-des-particuliers\/\" \/>\n<meta property=\"og:locale\" content=\"de_DE\" \/>\n<meta property=\"og:type\" content=\"article\" \/>\n<meta property=\"og:title\" content=\"Accompagnement des particuliers - Bloch Avocats\" \/>\n<meta property=\"og:description\" content=\"Accompagnement personnalis\u00e9 par Bloch Avocats \u00e0 Yverdon-les-Bains : planification matrimoniale, successions, droit p\u00e9nal, cr\u00e9ances, et droits des \u00e9trangers.\" \/>\n<meta property=\"og:url\" content=\"https:\/\/blochavocats.com\/de\/domains\/accompagnement-des-particuliers\/\" \/>\n<meta property=\"og:site_name\" content=\"Bloch Avocats\" \/>\n<meta property=\"article:modified_time\" content=\"2025-09-17T10:19:17+00:00\" \/>\n<meta name=\"twitter:card\" content=\"summary_large_image\" \/>\n<script type=\"application\/ld+json\" class=\"yoast-schema-graph\">{\"@context\":\"https:\\\/\\\/schema.org\",\"@graph\":[{\"@type\":\"WebPage\",\"@id\":\"https:\\\/\\\/blochavocats.com\\\/de\\\/domains\\\/accompagnement-des-particuliers\\\/\",\"url\":\"https:\\\/\\\/blochavocats.com\\\/de\\\/domains\\\/accompagnement-des-particuliers\\\/\",\"name\":\"Accompagnement des particuliers - Bloch Avocats\",\"isPartOf\":{\"@id\":\"https:\\\/\\\/blochavocats.com\\\/#website\"},\"datePublished\":\"2024-04-04T12:58:27+00:00\",\"dateModified\":\"2025-09-17T10:19:17+00:00\",\"description\":\"Accompagnement personnalis\u00e9 par Bloch Avocats \u00e0 Yverdon-les-Bains : planification matrimoniale, successions, droit p\u00e9nal, cr\u00e9ances, et droits des \u00e9trangers.\",\"breadcrumb\":{\"@id\":\"https:\\\/\\\/blochavocats.com\\\/de\\\/domains\\\/accompagnement-des-particuliers\\\/#breadcrumb\"},\"inLanguage\":\"de\",\"potentialAction\":[{\"@type\":\"ReadAction\",\"target\":[\"https:\\\/\\\/blochavocats.com\\\/de\\\/domains\\\/accompagnement-des-particuliers\\\/\"]}]},{\"@type\":\"BreadcrumbList\",\"@id\":\"https:\\\/\\\/blochavocats.com\\\/de\\\/domains\\\/accompagnement-des-particuliers\\\/#breadcrumb\",\"itemListElement\":[{\"@type\":\"ListItem\",\"position\":1,\"name\":\"Home\",\"item\":\"http:\\\/\\\/blochavocats.com\\\/de\\\/\"},{\"@type\":\"ListItem\",\"position\":2,\"name\":\"Domains\",\"item\":\"http:\\\/\\\/blochavocats.com\\\/de\\\/domains\\\/\"},{\"@type\":\"ListItem\",\"position\":3,\"name\":\"Accompagnement des particuliers\"}]},{\"@type\":\"WebSite\",\"@id\":\"https:\\\/\\\/blochavocats.com\\\/#website\",\"url\":\"https:\\\/\\\/blochavocats.com\\\/\",\"name\":\"Bloch Avocats\",\"description\":\"\",\"potentialAction\":[{\"@type\":\"SearchAction\",\"target\":{\"@type\":\"EntryPoint\",\"urlTemplate\":\"https:\\\/\\\/blochavocats.com\\\/?s={search_term_string}\"},\"query-input\":{\"@type\":\"PropertyValueSpecification\",\"valueRequired\":true,\"valueName\":\"search_term_string\"}}],\"inLanguage\":\"de\"}]}<\/script>\n<!-- \/ Yoast SEO plugin. -->","yoast_head_json":{"title":"Accompagnement des particuliers - Bloch Avocats","description":"Accompagnement personnalis\u00e9 par Bloch Avocats \u00e0 Yverdon-les-Bains : planification matrimoniale, successions, droit p\u00e9nal, cr\u00e9ances, et droits des \u00e9trangers.","robots":{"index":"index","follow":"follow","max-snippet":"max-snippet:-1","max-image-preview":"max-image-preview:large","max-video-preview":"max-video-preview:-1"},"canonical":"https:\/\/blochavocats.com\/de\/domains\/accompagnement-des-particuliers\/","og_locale":"de_DE","og_type":"article","og_title":"Accompagnement des particuliers - Bloch Avocats","og_description":"Accompagnement personnalis\u00e9 par Bloch Avocats \u00e0 Yverdon-les-Bains : planification matrimoniale, successions, droit p\u00e9nal, cr\u00e9ances, et droits des \u00e9trangers.","og_url":"https:\/\/blochavocats.com\/de\/domains\/accompagnement-des-particuliers\/","og_site_name":"Bloch Avocats","article_modified_time":"2025-09-17T10:19:17+00:00","twitter_card":"summary_large_image","schema":{"@context":"https:\/\/schema.org","@graph":[{"@type":"WebPage","@id":"https:\/\/blochavocats.com\/de\/domains\/accompagnement-des-particuliers\/","url":"https:\/\/blochavocats.com\/de\/domains\/accompagnement-des-particuliers\/","name":"Accompagnement des particuliers - Bloch Avocats","isPartOf":{"@id":"https:\/\/blochavocats.com\/#website"},"datePublished":"2024-04-04T12:58:27+00:00","dateModified":"2025-09-17T10:19:17+00:00","description":"Accompagnement personnalis\u00e9 par Bloch Avocats \u00e0 Yverdon-les-Bains : planification matrimoniale, successions, droit p\u00e9nal, cr\u00e9ances, et droits des \u00e9trangers.","breadcrumb":{"@id":"https:\/\/blochavocats.com\/de\/domains\/accompagnement-des-particuliers\/#breadcrumb"},"inLanguage":"de","potentialAction":[{"@type":"ReadAction","target":["https:\/\/blochavocats.com\/de\/domains\/accompagnement-des-particuliers\/"]}]},{"@type":"BreadcrumbList","@id":"https:\/\/blochavocats.com\/de\/domains\/accompagnement-des-particuliers\/#breadcrumb","itemListElement":[{"@type":"ListItem","position":1,"name":"Home","item":"http:\/\/blochavocats.com\/de\/"},{"@type":"ListItem","position":2,"name":"Domains","item":"http:\/\/blochavocats.com\/de\/domains\/"},{"@type":"ListItem","position":3,"name":"Accompagnement des particuliers"}]},{"@type":"WebSite","@id":"https:\/\/blochavocats.com\/#website","url":"https:\/\/blochavocats.com\/","name":"Bloch Avocats","description":"","potentialAction":[{"@type":"SearchAction","target":{"@type":"EntryPoint","urlTemplate":"https:\/\/blochavocats.com\/?s={search_term_string}"},"query-input":{"@type":"PropertyValueSpecification","valueRequired":true,"valueName":"search_term_string"}}],"inLanguage":"de"}]}},"_links":{"self":[{"href":"http:\/\/blochavocats.com\/de\/wp-json\/wp\/v2\/pages\/1811","targetHints":{"allow":["GET"]}}],"collection":[{"href":"http:\/\/blochavocats.com\/de\/wp-json\/wp\/v2\/pages"}],"about":[{"href":"http:\/\/blochavocats.com\/de\/wp-json\/wp\/v2\/types\/page"}],"author":[{"embeddable":true,"href":"http:\/\/blochavocats.com\/de\/wp-json\/wp\/v2\/users\/2"}],"replies":[{"embeddable":true,"href":"http:\/\/blochavocats.com\/de\/wp-json\/wp\/v2\/comments?post=1811"}],"version-history":[{"count":1,"href":"http:\/\/blochavocats.com\/de\/wp-json\/wp\/v2\/pages\/1811\/revisions"}],"predecessor-version":[{"id":1812,"href":"http:\/\/blochavocats.com\/de\/wp-json\/wp\/v2\/pages\/1811\/revisions\/1812"}],"up":[{"embeddable":true,"href":"http:\/\/blochavocats.com\/de\/wp-json\/wp\/v2\/pages\/1814"}],"wp:attachment":[{"href":"http:\/\/blochavocats.com\/de\/wp-json\/wp\/v2\/media?parent=1811"}],"wp:term":[{"taxonomy":"category","embeddable":true,"href":"http:\/\/blochavocats.com\/de\/wp-json\/wp\/v2\/categories?post=1811"}],"curies":[{"name":"wp","href":"https:\/\/api.w.org\/{rel}","templated":true}]}}