{"id":727,"date":"2024-04-04T12:53:47","date_gmt":"2024-04-04T12:53:47","guid":{"rendered":"http:\/\/blochavocats.com\/law-firm\/"},"modified":"2026-03-26T12:34:02","modified_gmt":"2026-03-26T12:34:02","slug":"law-firm","status":"publish","type":"page","link":"http:\/\/blochavocats.com\/en\/law-firm\/","title":{"rendered":"Law firm"},"content":{"rendered":"","protected":false},"excerpt":{"rendered":"","protected":false},"author":2,"featured_media":0,"parent":0,"menu_order":0,"comment_status":"closed","ping_status":"closed","template":"page-templates\/about.php","meta":{"_acf_changed":false,"inline_featured_image":false,"footnotes":""},"categories":[],"class_list":["post-727","page","type-page","status-publish","hentry"],"acf":[],"yoast_head":"<!-- This site is optimized with the Yoast SEO plugin v27.4 - https:\/\/yoast.com\/product\/yoast-seo-wordpress\/ -->\n<title>Law firm - Bloch Avocats<\/title>\n<meta name=\"description\" content=\"Bloch Avocats, fond\u00e9 en 2014 \u00e0 Yverdon-les-Bains, offre expertise juridique et r\u00e9seau international. Accompagnement des entreprises et particuliers, engagement local et international.\" \/>\n<meta name=\"robots\" content=\"index, follow, max-snippet:-1, max-image-preview:large, max-video-preview:-1\" \/>\n<link rel=\"canonical\" href=\"http:\/\/blochavocats.com\/etude\/\" \/>\n<meta property=\"og:locale\" content=\"en_US\" \/>\n<meta property=\"og:type\" content=\"article\" \/>\n<meta property=\"og:title\" content=\"Law firm - Bloch Avocats\" \/>\n<meta property=\"og:description\" content=\"Bloch Avocats, fond\u00e9 en 2014 \u00e0 Yverdon-les-Bains, offre expertise juridique et r\u00e9seau international. Accompagnement des entreprises et particuliers, engagement local et international.\" \/>\n<meta property=\"og:url\" content=\"http:\/\/blochavocats.com\/etude\/\" \/>\n<meta property=\"og:site_name\" content=\"Bloch Avocats\" \/>\n<meta property=\"article:modified_time\" content=\"2026-03-26T12:34:02+00:00\" \/>\n<meta name=\"twitter:card\" content=\"summary_large_image\" \/>\n<script type=\"application\/ld+json\" class=\"yoast-schema-graph\">{\"@context\":\"https:\\\/\\\/schema.org\",\"@graph\":[{\"@type\":\"WebPage\",\"@id\":\"http:\\\/\\\/blochavocats.com\\\/etude\\\/\",\"url\":\"http:\\\/\\\/blochavocats.com\\\/etude\\\/\",\"name\":\"Law firm - Bloch Avocats\",\"isPartOf\":{\"@id\":\"https:\\\/\\\/blochavocats.com\\\/#website\"},\"datePublished\":\"2024-04-04T12:53:47+00:00\",\"dateModified\":\"2026-03-26T12:34:02+00:00\",\"description\":\"Bloch Avocats, fond\u00e9 en 2014 \u00e0 Yverdon-les-Bains, offre expertise juridique et r\u00e9seau international. Accompagnement des entreprises et particuliers, engagement local et international.\",\"breadcrumb\":{\"@id\":\"http:\\\/\\\/blochavocats.com\\\/etude\\\/#breadcrumb\"},\"inLanguage\":\"en-US\",\"potentialAction\":[{\"@type\":\"ReadAction\",\"target\":[\"http:\\\/\\\/blochavocats.com\\\/etude\\\/\"]}]},{\"@type\":\"BreadcrumbList\",\"@id\":\"http:\\\/\\\/blochavocats.com\\\/etude\\\/#breadcrumb\",\"itemListElement\":[{\"@type\":\"ListItem\",\"position\":1,\"name\":\"Home\",\"item\":\"https:\\\/\\\/blochavocats.com\\\/en\\\/\"},{\"@type\":\"ListItem\",\"position\":2,\"name\":\"Law firm\"}]},{\"@type\":\"WebSite\",\"@id\":\"https:\\\/\\\/blochavocats.com\\\/#website\",\"url\":\"https:\\\/\\\/blochavocats.com\\\/\",\"name\":\"Bloch Avocats\",\"description\":\"\",\"potentialAction\":[{\"@type\":\"SearchAction\",\"target\":{\"@type\":\"EntryPoint\",\"urlTemplate\":\"https:\\\/\\\/blochavocats.com\\\/?s={search_term_string}\"},\"query-input\":{\"@type\":\"PropertyValueSpecification\",\"valueRequired\":true,\"valueName\":\"search_term_string\"}}],\"inLanguage\":\"en-US\"}]}<\/script>\n<!-- \/ Yoast SEO plugin. -->","yoast_head_json":{"title":"Law firm - Bloch Avocats","description":"Bloch Avocats, fond\u00e9 en 2014 \u00e0 Yverdon-les-Bains, offre expertise juridique et r\u00e9seau international. Accompagnement des entreprises et particuliers, engagement local et international.","robots":{"index":"index","follow":"follow","max-snippet":"max-snippet:-1","max-image-preview":"max-image-preview:large","max-video-preview":"max-video-preview:-1"},"canonical":"http:\/\/blochavocats.com\/etude\/","og_locale":"en_US","og_type":"article","og_title":"Law firm - Bloch Avocats","og_description":"Bloch Avocats, fond\u00e9 en 2014 \u00e0 Yverdon-les-Bains, offre expertise juridique et r\u00e9seau international. Accompagnement des entreprises et particuliers, engagement local et international.","og_url":"http:\/\/blochavocats.com\/etude\/","og_site_name":"Bloch Avocats","article_modified_time":"2026-03-26T12:34:02+00:00","twitter_card":"summary_large_image","schema":{"@context":"https:\/\/schema.org","@graph":[{"@type":"WebPage","@id":"http:\/\/blochavocats.com\/etude\/","url":"http:\/\/blochavocats.com\/etude\/","name":"Law firm - Bloch Avocats","isPartOf":{"@id":"https:\/\/blochavocats.com\/#website"},"datePublished":"2024-04-04T12:53:47+00:00","dateModified":"2026-03-26T12:34:02+00:00","description":"Bloch Avocats, fond\u00e9 en 2014 \u00e0 Yverdon-les-Bains, offre expertise juridique et r\u00e9seau international. Accompagnement des entreprises et particuliers, engagement local et international.","breadcrumb":{"@id":"http:\/\/blochavocats.com\/etude\/#breadcrumb"},"inLanguage":"en-US","potentialAction":[{"@type":"ReadAction","target":["http:\/\/blochavocats.com\/etude\/"]}]},{"@type":"BreadcrumbList","@id":"http:\/\/blochavocats.com\/etude\/#breadcrumb","itemListElement":[{"@type":"ListItem","position":1,"name":"Home","item":"https:\/\/blochavocats.com\/en\/"},{"@type":"ListItem","position":2,"name":"Law firm"}]},{"@type":"WebSite","@id":"https:\/\/blochavocats.com\/#website","url":"https:\/\/blochavocats.com\/","name":"Bloch Avocats","description":"","potentialAction":[{"@type":"SearchAction","target":{"@type":"EntryPoint","urlTemplate":"https:\/\/blochavocats.com\/?s={search_term_string}"},"query-input":{"@type":"PropertyValueSpecification","valueRequired":true,"valueName":"search_term_string"}}],"inLanguage":"en-US"}]}},"_links":{"self":[{"href":"http:\/\/blochavocats.com\/en\/wp-json\/wp\/v2\/pages\/727","targetHints":{"allow":["GET"]}}],"collection":[{"href":"http:\/\/blochavocats.com\/en\/wp-json\/wp\/v2\/pages"}],"about":[{"href":"http:\/\/blochavocats.com\/en\/wp-json\/wp\/v2\/types\/page"}],"author":[{"embeddable":true,"href":"http:\/\/blochavocats.com\/en\/wp-json\/wp\/v2\/users\/2"}],"replies":[{"embeddable":true,"href":"http:\/\/blochavocats.com\/en\/wp-json\/wp\/v2\/comments?post=727"}],"version-history":[{"count":5,"href":"http:\/\/blochavocats.com\/en\/wp-json\/wp\/v2\/pages\/727\/revisions"}],"predecessor-version":[{"id":2942,"href":"http:\/\/blochavocats.com\/en\/wp-json\/wp\/v2\/pages\/727\/revisions\/2942"}],"wp:attachment":[{"href":"http:\/\/blochavocats.com\/en\/wp-json\/wp\/v2\/media?parent=727"}],"wp:term":[{"taxonomy":"category","embeddable":true,"href":"http:\/\/blochavocats.com\/en\/wp-json\/wp\/v2\/categories?post=727"}],"curies":[{"name":"wp","href":"https:\/\/api.w.org\/{rel}","templated":true}]}}