{"id":729,"date":"2024-04-04T12:56:54","date_gmt":"2024-04-04T12:56:54","guid":{"rendered":"http:\/\/blochavocats.com\/commercial-and-corporate-law\/"},"modified":"2024-09-06T12:27:24","modified_gmt":"2024-09-06T12:27:24","slug":"commercial-and-corporate-law","status":"publish","type":"page","link":"http:\/\/blochavocats.com\/en\/areas-of-business\/commercial-and-corporate-law\/","title":{"rendered":"Commercial and corporate law"},"content":{"rendered":"","protected":false},"excerpt":{"rendered":"","protected":false},"author":2,"featured_media":0,"parent":733,"menu_order":0,"comment_status":"closed","ping_status":"closed","template":"page-templates\/single-sector.php","meta":{"_acf_changed":false,"inline_featured_image":false,"footnotes":""},"categories":[],"class_list":["post-729","page","type-page","status-publish","hentry"],"acf":[],"yoast_head":"<!-- This site is optimized with the Yoast SEO plugin v27.4 - https:\/\/yoast.com\/product\/yoast-seo-wordpress\/ -->\n<title>Commercial and corporate law - Bloch Avocats<\/title>\n<meta name=\"description\" content=\"Bloch Avocats \u00e0 Yverdon-les-Bains : conseils en droit commercial et des soci\u00e9t\u00e9s, r\u00e9glementation, contrats, financement, garanties bancaires, proc\u00e9dures administratives.\" \/>\n<meta name=\"robots\" content=\"index, follow, max-snippet:-1, max-image-preview:large, max-video-preview:-1\" \/>\n<link rel=\"canonical\" href=\"http:\/\/blochavocats.com\/en\/areas-of-business\/commercial-and-corporate-law\/\" \/>\n<meta property=\"og:locale\" content=\"en_US\" \/>\n<meta property=\"og:type\" content=\"article\" \/>\n<meta property=\"og:title\" content=\"Commercial and corporate law - Bloch Avocats\" \/>\n<meta property=\"og:description\" content=\"Bloch Avocats \u00e0 Yverdon-les-Bains : conseils en droit commercial et des soci\u00e9t\u00e9s, r\u00e9glementation, contrats, financement, garanties bancaires, proc\u00e9dures administratives.\" \/>\n<meta property=\"og:url\" content=\"http:\/\/blochavocats.com\/en\/areas-of-business\/commercial-and-corporate-law\/\" \/>\n<meta property=\"og:site_name\" content=\"Bloch Avocats\" \/>\n<meta property=\"article:modified_time\" content=\"2024-09-06T12:27:24+00:00\" \/>\n<meta name=\"twitter:card\" content=\"summary_large_image\" \/>\n<script type=\"application\/ld+json\" class=\"yoast-schema-graph\">{\"@context\":\"https:\\\/\\\/schema.org\",\"@graph\":[{\"@type\":\"WebPage\",\"@id\":\"http:\\\/\\\/blochavocats.com\\\/en\\\/areas-of-business\\\/commercial-and-corporate-law\\\/\",\"url\":\"http:\\\/\\\/blochavocats.com\\\/en\\\/areas-of-business\\\/commercial-and-corporate-law\\\/\",\"name\":\"Commercial and corporate law - Bloch Avocats\",\"isPartOf\":{\"@id\":\"https:\\\/\\\/blochavocats.com\\\/#website\"},\"datePublished\":\"2024-04-04T12:56:54+00:00\",\"dateModified\":\"2024-09-06T12:27:24+00:00\",\"description\":\"Bloch Avocats \u00e0 Yverdon-les-Bains : conseils en droit commercial et des soci\u00e9t\u00e9s, r\u00e9glementation, contrats, financement, garanties bancaires, proc\u00e9dures administratives.\",\"breadcrumb\":{\"@id\":\"http:\\\/\\\/blochavocats.com\\\/en\\\/areas-of-business\\\/commercial-and-corporate-law\\\/#breadcrumb\"},\"inLanguage\":\"en-US\",\"potentialAction\":[{\"@type\":\"ReadAction\",\"target\":[\"http:\\\/\\\/blochavocats.com\\\/en\\\/areas-of-business\\\/commercial-and-corporate-law\\\/\"]}]},{\"@type\":\"BreadcrumbList\",\"@id\":\"http:\\\/\\\/blochavocats.com\\\/en\\\/areas-of-business\\\/commercial-and-corporate-law\\\/#breadcrumb\",\"itemListElement\":[{\"@type\":\"ListItem\",\"position\":1,\"name\":\"Home\",\"item\":\"https:\\\/\\\/blochavocats.com\\\/en\\\/\"},{\"@type\":\"ListItem\",\"position\":2,\"name\":\"Areas of business\",\"item\":\"https:\\\/\\\/blochavocats.com\\\/en\\\/areas-of-business\\\/\"},{\"@type\":\"ListItem\",\"position\":3,\"name\":\"Commercial and corporate law\"}]},{\"@type\":\"WebSite\",\"@id\":\"https:\\\/\\\/blochavocats.com\\\/#website\",\"url\":\"https:\\\/\\\/blochavocats.com\\\/\",\"name\":\"Bloch Avocats\",\"description\":\"\",\"potentialAction\":[{\"@type\":\"SearchAction\",\"target\":{\"@type\":\"EntryPoint\",\"urlTemplate\":\"https:\\\/\\\/blochavocats.com\\\/?s={search_term_string}\"},\"query-input\":{\"@type\":\"PropertyValueSpecification\",\"valueRequired\":true,\"valueName\":\"search_term_string\"}}],\"inLanguage\":\"en-US\"}]}<\/script>\n<!-- \/ Yoast SEO plugin. -->","yoast_head_json":{"title":"Commercial and corporate law - Bloch Avocats","description":"Bloch Avocats \u00e0 Yverdon-les-Bains : conseils en droit commercial et des soci\u00e9t\u00e9s, r\u00e9glementation, contrats, financement, garanties bancaires, proc\u00e9dures administratives.","robots":{"index":"index","follow":"follow","max-snippet":"max-snippet:-1","max-image-preview":"max-image-preview:large","max-video-preview":"max-video-preview:-1"},"canonical":"http:\/\/blochavocats.com\/en\/areas-of-business\/commercial-and-corporate-law\/","og_locale":"en_US","og_type":"article","og_title":"Commercial and corporate law - Bloch Avocats","og_description":"Bloch Avocats \u00e0 Yverdon-les-Bains : conseils en droit commercial et des soci\u00e9t\u00e9s, r\u00e9glementation, contrats, financement, garanties bancaires, proc\u00e9dures administratives.","og_url":"http:\/\/blochavocats.com\/en\/areas-of-business\/commercial-and-corporate-law\/","og_site_name":"Bloch Avocats","article_modified_time":"2024-09-06T12:27:24+00:00","twitter_card":"summary_large_image","schema":{"@context":"https:\/\/schema.org","@graph":[{"@type":"WebPage","@id":"http:\/\/blochavocats.com\/en\/areas-of-business\/commercial-and-corporate-law\/","url":"http:\/\/blochavocats.com\/en\/areas-of-business\/commercial-and-corporate-law\/","name":"Commercial and corporate law - Bloch Avocats","isPartOf":{"@id":"https:\/\/blochavocats.com\/#website"},"datePublished":"2024-04-04T12:56:54+00:00","dateModified":"2024-09-06T12:27:24+00:00","description":"Bloch Avocats \u00e0 Yverdon-les-Bains : conseils en droit commercial et des soci\u00e9t\u00e9s, r\u00e9glementation, contrats, financement, garanties bancaires, proc\u00e9dures administratives.","breadcrumb":{"@id":"http:\/\/blochavocats.com\/en\/areas-of-business\/commercial-and-corporate-law\/#breadcrumb"},"inLanguage":"en-US","potentialAction":[{"@type":"ReadAction","target":["http:\/\/blochavocats.com\/en\/areas-of-business\/commercial-and-corporate-law\/"]}]},{"@type":"BreadcrumbList","@id":"http:\/\/blochavocats.com\/en\/areas-of-business\/commercial-and-corporate-law\/#breadcrumb","itemListElement":[{"@type":"ListItem","position":1,"name":"Home","item":"https:\/\/blochavocats.com\/en\/"},{"@type":"ListItem","position":2,"name":"Areas of business","item":"https:\/\/blochavocats.com\/en\/areas-of-business\/"},{"@type":"ListItem","position":3,"name":"Commercial and corporate law"}]},{"@type":"WebSite","@id":"https:\/\/blochavocats.com\/#website","url":"https:\/\/blochavocats.com\/","name":"Bloch Avocats","description":"","potentialAction":[{"@type":"SearchAction","target":{"@type":"EntryPoint","urlTemplate":"https:\/\/blochavocats.com\/?s={search_term_string}"},"query-input":{"@type":"PropertyValueSpecification","valueRequired":true,"valueName":"search_term_string"}}],"inLanguage":"en-US"}]}},"_links":{"self":[{"href":"http:\/\/blochavocats.com\/en\/wp-json\/wp\/v2\/pages\/729","targetHints":{"allow":["GET"]}}],"collection":[{"href":"http:\/\/blochavocats.com\/en\/wp-json\/wp\/v2\/pages"}],"about":[{"href":"http:\/\/blochavocats.com\/en\/wp-json\/wp\/v2\/types\/page"}],"author":[{"embeddable":true,"href":"http:\/\/blochavocats.com\/en\/wp-json\/wp\/v2\/users\/2"}],"replies":[{"embeddable":true,"href":"http:\/\/blochavocats.com\/en\/wp-json\/wp\/v2\/comments?post=729"}],"version-history":[{"count":1,"href":"http:\/\/blochavocats.com\/en\/wp-json\/wp\/v2\/pages\/729\/revisions"}],"predecessor-version":[{"id":734,"href":"http:\/\/blochavocats.com\/en\/wp-json\/wp\/v2\/pages\/729\/revisions\/734"}],"up":[{"embeddable":true,"href":"http:\/\/blochavocats.com\/en\/wp-json\/wp\/v2\/pages\/733"}],"wp:attachment":[{"href":"http:\/\/blochavocats.com\/en\/wp-json\/wp\/v2\/media?parent=729"}],"wp:term":[{"taxonomy":"category","embeddable":true,"href":"http:\/\/blochavocats.com\/en\/wp-json\/wp\/v2\/categories?post=729"}],"curies":[{"name":"wp","href":"https:\/\/api.w.org\/{rel}","templated":true}]}}