{"id":1797,"date":"2024-04-04T12:53:53","date_gmt":"2024-04-04T12:53:53","guid":{"rendered":"https:\/\/blochavocats.com\/kontakt\/"},"modified":"2024-04-04T12:53:53","modified_gmt":"2024-04-04T12:53:53","slug":"kontakt","status":"publish","type":"page","link":"https:\/\/blochavocats.com\/de\/kontakt\/","title":{"rendered":"Kontakt"},"content":{"rendered":"","protected":false},"excerpt":{"rendered":"","protected":false},"author":2,"featured_media":0,"parent":0,"menu_order":0,"comment_status":"closed","ping_status":"closed","template":"page-templates\/contact.php","meta":{"_acf_changed":false,"inline_featured_image":false,"footnotes":""},"categories":[],"class_list":["post-1797","page","type-page","status-publish","hentry"],"acf":[],"yoast_head":"<!-- This site is optimized with the Yoast SEO plugin v27.3 - https:\/\/yoast.com\/product\/yoast-seo-wordpress\/ -->\n<title>Kontakt - Bloch Avocats<\/title>\n<meta name=\"description\" content=\"Kontaktieren Sie Bloch Avocats in Yverdon-les-Bains f\u00fcr eine pers\u00f6nliche Rechtsberatung in Handels-, Bank-, Immobilienrecht und mehr. Wir h\u00f6ren Ihnen zu.\" \/>\n<meta name=\"robots\" content=\"index, follow, max-snippet:-1, max-image-preview:large, max-video-preview:-1\" \/>\n<link rel=\"canonical\" href=\"https:\/\/blochavocats.com\/de\/kontakt\/\" \/>\n<meta property=\"og:locale\" content=\"de_DE\" \/>\n<meta property=\"og:type\" content=\"article\" \/>\n<meta property=\"og:title\" content=\"Kontakt - Bloch Avocats\" \/>\n<meta property=\"og:description\" content=\"Kontaktieren Sie Bloch Avocats in Yverdon-les-Bains f\u00fcr eine pers\u00f6nliche Rechtsberatung in Handels-, Bank-, Immobilienrecht und mehr. Wir h\u00f6ren Ihnen zu.\" \/>\n<meta property=\"og:url\" content=\"https:\/\/blochavocats.com\/de\/kontakt\/\" \/>\n<meta property=\"og:site_name\" content=\"Bloch Avocats\" \/>\n<meta name=\"twitter:card\" content=\"summary_large_image\" \/>\n<script type=\"application\/ld+json\" class=\"yoast-schema-graph\">{\"@context\":\"https:\\\/\\\/schema.org\",\"@graph\":[{\"@type\":\"WebPage\",\"@id\":\"https:\\\/\\\/blochavocats.com\\\/de\\\/kontakt\\\/\",\"url\":\"https:\\\/\\\/blochavocats.com\\\/de\\\/kontakt\\\/\",\"name\":\"Kontakt - Bloch Avocats\",\"isPartOf\":{\"@id\":\"https:\\\/\\\/blochavocats.com\\\/#website\"},\"datePublished\":\"2024-04-04T12:53:53+00:00\",\"description\":\"Kontaktieren Sie Bloch Avocats in Yverdon-les-Bains f\u00fcr eine pers\u00f6nliche Rechtsberatung in Handels-, Bank-, Immobilienrecht und mehr. Wir h\u00f6ren Ihnen zu.\",\"breadcrumb\":{\"@id\":\"https:\\\/\\\/blochavocats.com\\\/de\\\/kontakt\\\/#breadcrumb\"},\"inLanguage\":\"de\",\"potentialAction\":[{\"@type\":\"ReadAction\",\"target\":[\"https:\\\/\\\/blochavocats.com\\\/de\\\/kontakt\\\/\"]}]},{\"@type\":\"BreadcrumbList\",\"@id\":\"https:\\\/\\\/blochavocats.com\\\/de\\\/kontakt\\\/#breadcrumb\",\"itemListElement\":[{\"@type\":\"ListItem\",\"position\":1,\"name\":\"Home\",\"item\":\"https:\\\/\\\/blochavocats.com\\\/de\\\/\"},{\"@type\":\"ListItem\",\"position\":2,\"name\":\"Kontakt\"}]},{\"@type\":\"WebSite\",\"@id\":\"https:\\\/\\\/blochavocats.com\\\/#website\",\"url\":\"https:\\\/\\\/blochavocats.com\\\/\",\"name\":\"Bloch Avocats\",\"description\":\"\",\"potentialAction\":[{\"@type\":\"SearchAction\",\"target\":{\"@type\":\"EntryPoint\",\"urlTemplate\":\"https:\\\/\\\/blochavocats.com\\\/?s={search_term_string}\"},\"query-input\":{\"@type\":\"PropertyValueSpecification\",\"valueRequired\":true,\"valueName\":\"search_term_string\"}}],\"inLanguage\":\"de\"}]}<\/script>\n<!-- \/ Yoast SEO plugin. -->","yoast_head_json":{"title":"Kontakt - Bloch Avocats","description":"Kontaktieren Sie Bloch Avocats in Yverdon-les-Bains f\u00fcr eine pers\u00f6nliche Rechtsberatung in Handels-, Bank-, Immobilienrecht und mehr. Wir h\u00f6ren Ihnen zu.","robots":{"index":"index","follow":"follow","max-snippet":"max-snippet:-1","max-image-preview":"max-image-preview:large","max-video-preview":"max-video-preview:-1"},"canonical":"https:\/\/blochavocats.com\/de\/kontakt\/","og_locale":"de_DE","og_type":"article","og_title":"Kontakt - Bloch Avocats","og_description":"Kontaktieren Sie Bloch Avocats in Yverdon-les-Bains f\u00fcr eine pers\u00f6nliche Rechtsberatung in Handels-, Bank-, Immobilienrecht und mehr. Wir h\u00f6ren Ihnen zu.","og_url":"https:\/\/blochavocats.com\/de\/kontakt\/","og_site_name":"Bloch Avocats","twitter_card":"summary_large_image","schema":{"@context":"https:\/\/schema.org","@graph":[{"@type":"WebPage","@id":"https:\/\/blochavocats.com\/de\/kontakt\/","url":"https:\/\/blochavocats.com\/de\/kontakt\/","name":"Kontakt - Bloch Avocats","isPartOf":{"@id":"https:\/\/blochavocats.com\/#website"},"datePublished":"2024-04-04T12:53:53+00:00","description":"Kontaktieren Sie Bloch Avocats in Yverdon-les-Bains f\u00fcr eine pers\u00f6nliche Rechtsberatung in Handels-, Bank-, Immobilienrecht und mehr. Wir h\u00f6ren Ihnen zu.","breadcrumb":{"@id":"https:\/\/blochavocats.com\/de\/kontakt\/#breadcrumb"},"inLanguage":"de","potentialAction":[{"@type":"ReadAction","target":["https:\/\/blochavocats.com\/de\/kontakt\/"]}]},{"@type":"BreadcrumbList","@id":"https:\/\/blochavocats.com\/de\/kontakt\/#breadcrumb","itemListElement":[{"@type":"ListItem","position":1,"name":"Home","item":"https:\/\/blochavocats.com\/de\/"},{"@type":"ListItem","position":2,"name":"Kontakt"}]},{"@type":"WebSite","@id":"https:\/\/blochavocats.com\/#website","url":"https:\/\/blochavocats.com\/","name":"Bloch Avocats","description":"","potentialAction":[{"@type":"SearchAction","target":{"@type":"EntryPoint","urlTemplate":"https:\/\/blochavocats.com\/?s={search_term_string}"},"query-input":{"@type":"PropertyValueSpecification","valueRequired":true,"valueName":"search_term_string"}}],"inLanguage":"de"}]}},"_links":{"self":[{"href":"https:\/\/blochavocats.com\/de\/wp-json\/wp\/v2\/pages\/1797","targetHints":{"allow":["GET"]}}],"collection":[{"href":"https:\/\/blochavocats.com\/de\/wp-json\/wp\/v2\/pages"}],"about":[{"href":"https:\/\/blochavocats.com\/de\/wp-json\/wp\/v2\/types\/page"}],"author":[{"embeddable":true,"href":"https:\/\/blochavocats.com\/de\/wp-json\/wp\/v2\/users\/2"}],"replies":[{"embeddable":true,"href":"https:\/\/blochavocats.com\/de\/wp-json\/wp\/v2\/comments?post=1797"}],"version-history":[{"count":0,"href":"https:\/\/blochavocats.com\/de\/wp-json\/wp\/v2\/pages\/1797\/revisions"}],"wp:attachment":[{"href":"https:\/\/blochavocats.com\/de\/wp-json\/wp\/v2\/media?parent=1797"}],"wp:term":[{"taxonomy":"category","embeddable":true,"href":"https:\/\/blochavocats.com\/de\/wp-json\/wp\/v2\/categories?post=1797"}],"curies":[{"name":"wp","href":"https:\/\/api.w.org\/{rel}","templated":true}]}}