{"id":725,"date":"2024-04-02T11:49:21","date_gmt":"2024-04-02T11:49:21","guid":{"rendered":"http:\/\/blochavocats.com\/home\/"},"modified":"2024-10-02T09:34:57","modified_gmt":"2024-10-02T09:34:57","slug":"home","status":"publish","type":"page","link":"https:\/\/blochavocats.com\/en\/","title":{"rendered":"Home"},"content":{"rendered":"","protected":false},"excerpt":{"rendered":"","protected":false},"author":2,"featured_media":0,"parent":0,"menu_order":0,"comment_status":"closed","ping_status":"closed","template":"page-templates\/home.php","meta":{"_acf_changed":false,"inline_featured_image":false,"footnotes":""},"categories":[],"class_list":["post-725","page","type-page","status-publish","hentry"],"acf":[],"yoast_head":"<!-- This site is optimized with the Yoast SEO plugin v27.3 - https:\/\/yoast.com\/product\/yoast-seo-wordpress\/ -->\n<title>Bloch Avocats - Dynamic law firm active throughout Switzerland<\/title>\n<meta name=\"description\" content=\"Bloch Avocats \u00e0 Yverdon-les-Bains : droit commercial, bancaire, immobilier, soci\u00e9t\u00e9s. Accompagnement complet pour entreprises et particuliers.\" \/>\n<meta name=\"robots\" content=\"index, follow, max-snippet:-1, max-image-preview:large, max-video-preview:-1\" \/>\n<link rel=\"canonical\" href=\"http:\/\/blochavocats.com\/en\/\" \/>\n<meta property=\"og:locale\" content=\"en_US\" \/>\n<meta property=\"og:type\" content=\"article\" \/>\n<meta property=\"og:title\" content=\"Bloch Avocats - Dynamic law firm active throughout Switzerland\" \/>\n<meta property=\"og:description\" content=\"Bloch Avocats \u00e0 Yverdon-les-Bains : droit commercial, bancaire, immobilier, soci\u00e9t\u00e9s. Accompagnement complet pour entreprises et particuliers.\" \/>\n<meta property=\"og:url\" content=\"http:\/\/blochavocats.com\/en\/\" \/>\n<meta property=\"og:site_name\" content=\"Bloch Avocats\" \/>\n<meta property=\"article:modified_time\" content=\"2024-10-02T09:34:57+00:00\" \/>\n<meta name=\"twitter:card\" content=\"summary_large_image\" \/>\n<script type=\"application\/ld+json\" class=\"yoast-schema-graph\">{\"@context\":\"https:\\\/\\\/schema.org\",\"@graph\":[{\"@type\":\"WebPage\",\"@id\":\"http:\\\/\\\/blochavocats.com\\\/en\\\/\",\"url\":\"http:\\\/\\\/blochavocats.com\\\/en\\\/\",\"name\":\"Bloch Avocats - Dynamic law firm active throughout Switzerland\",\"isPartOf\":{\"@id\":\"https:\\\/\\\/blochavocats.com\\\/#website\"},\"datePublished\":\"2024-04-02T11:49:21+00:00\",\"dateModified\":\"2024-10-02T09:34:57+00:00\",\"description\":\"Bloch Avocats \u00e0 Yverdon-les-Bains : droit commercial, bancaire, immobilier, soci\u00e9t\u00e9s. Accompagnement complet pour entreprises et particuliers.\",\"breadcrumb\":{\"@id\":\"http:\\\/\\\/blochavocats.com\\\/en\\\/#breadcrumb\"},\"inLanguage\":\"en-US\",\"potentialAction\":[{\"@type\":\"ReadAction\",\"target\":[\"http:\\\/\\\/blochavocats.com\\\/en\\\/\"]}]},{\"@type\":\"BreadcrumbList\",\"@id\":\"http:\\\/\\\/blochavocats.com\\\/en\\\/#breadcrumb\",\"itemListElement\":[{\"@type\":\"ListItem\",\"position\":1,\"name\":\"Home\",\"item\":\"http:\\\/\\\/blochavocats.com\\\/en\\\/\"},{\"@type\":\"ListItem\",\"position\":2,\"name\":\"Home\"}]},{\"@type\":\"WebSite\",\"@id\":\"https:\\\/\\\/blochavocats.com\\\/#website\",\"url\":\"https:\\\/\\\/blochavocats.com\\\/\",\"name\":\"Bloch Avocats\",\"description\":\"\",\"potentialAction\":[{\"@type\":\"SearchAction\",\"target\":{\"@type\":\"EntryPoint\",\"urlTemplate\":\"https:\\\/\\\/blochavocats.com\\\/?s={search_term_string}\"},\"query-input\":{\"@type\":\"PropertyValueSpecification\",\"valueRequired\":true,\"valueName\":\"search_term_string\"}}],\"inLanguage\":\"en-US\"}]}<\/script>\n<!-- \/ Yoast SEO plugin. -->","yoast_head_json":{"title":"Bloch Avocats - Dynamic law firm active throughout Switzerland","description":"Bloch Avocats \u00e0 Yverdon-les-Bains : droit commercial, bancaire, immobilier, soci\u00e9t\u00e9s. Accompagnement complet pour entreprises et particuliers.","robots":{"index":"index","follow":"follow","max-snippet":"max-snippet:-1","max-image-preview":"max-image-preview:large","max-video-preview":"max-video-preview:-1"},"canonical":"http:\/\/blochavocats.com\/en\/","og_locale":"en_US","og_type":"article","og_title":"Bloch Avocats - Dynamic law firm active throughout Switzerland","og_description":"Bloch Avocats \u00e0 Yverdon-les-Bains : droit commercial, bancaire, immobilier, soci\u00e9t\u00e9s. Accompagnement complet pour entreprises et particuliers.","og_url":"http:\/\/blochavocats.com\/en\/","og_site_name":"Bloch Avocats","article_modified_time":"2024-10-02T09:34:57+00:00","twitter_card":"summary_large_image","schema":{"@context":"https:\/\/schema.org","@graph":[{"@type":"WebPage","@id":"http:\/\/blochavocats.com\/en\/","url":"http:\/\/blochavocats.com\/en\/","name":"Bloch Avocats - Dynamic law firm active throughout Switzerland","isPartOf":{"@id":"https:\/\/blochavocats.com\/#website"},"datePublished":"2024-04-02T11:49:21+00:00","dateModified":"2024-10-02T09:34:57+00:00","description":"Bloch Avocats \u00e0 Yverdon-les-Bains : droit commercial, bancaire, immobilier, soci\u00e9t\u00e9s. Accompagnement complet pour entreprises et particuliers.","breadcrumb":{"@id":"http:\/\/blochavocats.com\/en\/#breadcrumb"},"inLanguage":"en-US","potentialAction":[{"@type":"ReadAction","target":["http:\/\/blochavocats.com\/en\/"]}]},{"@type":"BreadcrumbList","@id":"http:\/\/blochavocats.com\/en\/#breadcrumb","itemListElement":[{"@type":"ListItem","position":1,"name":"Home","item":"http:\/\/blochavocats.com\/en\/"},{"@type":"ListItem","position":2,"name":"Home"}]},{"@type":"WebSite","@id":"https:\/\/blochavocats.com\/#website","url":"https:\/\/blochavocats.com\/","name":"Bloch Avocats","description":"","potentialAction":[{"@type":"SearchAction","target":{"@type":"EntryPoint","urlTemplate":"https:\/\/blochavocats.com\/?s={search_term_string}"},"query-input":{"@type":"PropertyValueSpecification","valueRequired":true,"valueName":"search_term_string"}}],"inLanguage":"en-US"}]}},"_links":{"self":[{"href":"https:\/\/blochavocats.com\/en\/wp-json\/wp\/v2\/pages\/725","targetHints":{"allow":["GET"]}}],"collection":[{"href":"https:\/\/blochavocats.com\/en\/wp-json\/wp\/v2\/pages"}],"about":[{"href":"https:\/\/blochavocats.com\/en\/wp-json\/wp\/v2\/types\/page"}],"author":[{"embeddable":true,"href":"https:\/\/blochavocats.com\/en\/wp-json\/wp\/v2\/users\/2"}],"replies":[{"embeddable":true,"href":"https:\/\/blochavocats.com\/en\/wp-json\/wp\/v2\/comments?post=725"}],"version-history":[{"count":5,"href":"https:\/\/blochavocats.com\/en\/wp-json\/wp\/v2\/pages\/725\/revisions"}],"predecessor-version":[{"id":749,"href":"https:\/\/blochavocats.com\/en\/wp-json\/wp\/v2\/pages\/725\/revisions\/749"}],"wp:attachment":[{"href":"https:\/\/blochavocats.com\/en\/wp-json\/wp\/v2\/media?parent=725"}],"wp:term":[{"taxonomy":"category","embeddable":true,"href":"https:\/\/blochavocats.com\/en\/wp-json\/wp\/v2\/categories?post=725"}],"curies":[{"name":"wp","href":"https:\/\/api.w.org\/{rel}","templated":true}]}}