{"id":726,"date":"2024-04-04T12:53:37","date_gmt":"2024-04-04T12:53:37","guid":{"rendered":"http:\/\/blochavocats.com\/news\/"},"modified":"2024-04-04T12:53:37","modified_gmt":"2024-04-04T12:53:37","slug":"news","status":"publish","type":"page","link":"https:\/\/blochavocats.com\/en\/news\/","title":{"rendered":"News"},"content":{"rendered":"","protected":false},"excerpt":{"rendered":"","protected":false},"author":2,"featured_media":0,"parent":0,"menu_order":0,"comment_status":"closed","ping_status":"closed","template":"page-templates\/blog.php","meta":{"_acf_changed":false,"inline_featured_image":false,"footnotes":""},"categories":[],"class_list":["post-726","page","type-page","status-publish","hentry"],"acf":[],"yoast_head":"<!-- This site is optimized with the Yoast SEO plugin v27.3 - https:\/\/yoast.com\/product\/yoast-seo-wordpress\/ -->\n<title>News - Bloch Avocats<\/title>\n<meta name=\"description\" content=\"D\u00e9couvrez les derni\u00e8res actualit\u00e9s juridiques, les conseils et les nouveaut\u00e9s de Bloch Avocats \u00e0 Yverdon-les-Bains. Restez inform\u00e9s des \u00e9volutions l\u00e9gales.\" \/>\n<meta name=\"robots\" content=\"index, follow, max-snippet:-1, max-image-preview:large, max-video-preview:-1\" \/>\n<link rel=\"canonical\" href=\"https:\/\/blochavocats.com\/en\/news\/\" \/>\n<meta property=\"og:locale\" content=\"en_US\" \/>\n<meta property=\"og:type\" content=\"article\" \/>\n<meta property=\"og:title\" content=\"News - Bloch Avocats\" \/>\n<meta property=\"og:description\" content=\"D\u00e9couvrez les derni\u00e8res actualit\u00e9s juridiques, les conseils et les nouveaut\u00e9s de Bloch Avocats \u00e0 Yverdon-les-Bains. Restez inform\u00e9s des \u00e9volutions l\u00e9gales.\" \/>\n<meta property=\"og:url\" content=\"https:\/\/blochavocats.com\/en\/news\/\" \/>\n<meta property=\"og:site_name\" content=\"Bloch Avocats\" \/>\n<meta name=\"twitter:card\" content=\"summary_large_image\" \/>\n<script type=\"application\/ld+json\" class=\"yoast-schema-graph\">{\"@context\":\"https:\\\/\\\/schema.org\",\"@graph\":[{\"@type\":\"WebPage\",\"@id\":\"https:\\\/\\\/blochavocats.com\\\/en\\\/news\\\/\",\"url\":\"https:\\\/\\\/blochavocats.com\\\/en\\\/news\\\/\",\"name\":\"News - Bloch Avocats\",\"isPartOf\":{\"@id\":\"http:\\\/\\\/blochavocats.com\\\/#website\"},\"datePublished\":\"2024-04-04T12:53:37+00:00\",\"description\":\"D\u00e9couvrez les derni\u00e8res actualit\u00e9s juridiques, les conseils et les nouveaut\u00e9s de Bloch Avocats \u00e0 Yverdon-les-Bains. Restez inform\u00e9s des \u00e9volutions l\u00e9gales.\",\"breadcrumb\":{\"@id\":\"https:\\\/\\\/blochavocats.com\\\/en\\\/news\\\/#breadcrumb\"},\"inLanguage\":\"en-US\",\"potentialAction\":[{\"@type\":\"ReadAction\",\"target\":[\"https:\\\/\\\/blochavocats.com\\\/en\\\/news\\\/\"]}]},{\"@type\":\"BreadcrumbList\",\"@id\":\"https:\\\/\\\/blochavocats.com\\\/en\\\/news\\\/#breadcrumb\",\"itemListElement\":[{\"@type\":\"ListItem\",\"position\":1,\"name\":\"Home\",\"item\":\"http:\\\/\\\/blochavocats.com\\\/en\\\/\"},{\"@type\":\"ListItem\",\"position\":2,\"name\":\"News\"}]},{\"@type\":\"WebSite\",\"@id\":\"http:\\\/\\\/blochavocats.com\\\/#website\",\"url\":\"http:\\\/\\\/blochavocats.com\\\/\",\"name\":\"Bloch Avocats\",\"description\":\"\",\"potentialAction\":[{\"@type\":\"SearchAction\",\"target\":{\"@type\":\"EntryPoint\",\"urlTemplate\":\"http:\\\/\\\/blochavocats.com\\\/?s={search_term_string}\"},\"query-input\":{\"@type\":\"PropertyValueSpecification\",\"valueRequired\":true,\"valueName\":\"search_term_string\"}}],\"inLanguage\":\"en-US\"}]}<\/script>\n<!-- \/ Yoast SEO plugin. -->","yoast_head_json":{"title":"News - Bloch Avocats","description":"D\u00e9couvrez les derni\u00e8res actualit\u00e9s juridiques, les conseils et les nouveaut\u00e9s de Bloch Avocats \u00e0 Yverdon-les-Bains. Restez inform\u00e9s des \u00e9volutions l\u00e9gales.","robots":{"index":"index","follow":"follow","max-snippet":"max-snippet:-1","max-image-preview":"max-image-preview:large","max-video-preview":"max-video-preview:-1"},"canonical":"https:\/\/blochavocats.com\/en\/news\/","og_locale":"en_US","og_type":"article","og_title":"News - Bloch Avocats","og_description":"D\u00e9couvrez les derni\u00e8res actualit\u00e9s juridiques, les conseils et les nouveaut\u00e9s de Bloch Avocats \u00e0 Yverdon-les-Bains. Restez inform\u00e9s des \u00e9volutions l\u00e9gales.","og_url":"https:\/\/blochavocats.com\/en\/news\/","og_site_name":"Bloch Avocats","twitter_card":"summary_large_image","schema":{"@context":"https:\/\/schema.org","@graph":[{"@type":"WebPage","@id":"https:\/\/blochavocats.com\/en\/news\/","url":"https:\/\/blochavocats.com\/en\/news\/","name":"News - Bloch Avocats","isPartOf":{"@id":"http:\/\/blochavocats.com\/#website"},"datePublished":"2024-04-04T12:53:37+00:00","description":"D\u00e9couvrez les derni\u00e8res actualit\u00e9s juridiques, les conseils et les nouveaut\u00e9s de Bloch Avocats \u00e0 Yverdon-les-Bains. Restez inform\u00e9s des \u00e9volutions l\u00e9gales.","breadcrumb":{"@id":"https:\/\/blochavocats.com\/en\/news\/#breadcrumb"},"inLanguage":"en-US","potentialAction":[{"@type":"ReadAction","target":["https:\/\/blochavocats.com\/en\/news\/"]}]},{"@type":"BreadcrumbList","@id":"https:\/\/blochavocats.com\/en\/news\/#breadcrumb","itemListElement":[{"@type":"ListItem","position":1,"name":"Home","item":"http:\/\/blochavocats.com\/en\/"},{"@type":"ListItem","position":2,"name":"News"}]},{"@type":"WebSite","@id":"http:\/\/blochavocats.com\/#website","url":"http:\/\/blochavocats.com\/","name":"Bloch Avocats","description":"","potentialAction":[{"@type":"SearchAction","target":{"@type":"EntryPoint","urlTemplate":"http:\/\/blochavocats.com\/?s={search_term_string}"},"query-input":{"@type":"PropertyValueSpecification","valueRequired":true,"valueName":"search_term_string"}}],"inLanguage":"en-US"}]}},"_links":{"self":[{"href":"https:\/\/blochavocats.com\/en\/wp-json\/wp\/v2\/pages\/726","targetHints":{"allow":["GET"]}}],"collection":[{"href":"https:\/\/blochavocats.com\/en\/wp-json\/wp\/v2\/pages"}],"about":[{"href":"https:\/\/blochavocats.com\/en\/wp-json\/wp\/v2\/types\/page"}],"author":[{"embeddable":true,"href":"https:\/\/blochavocats.com\/en\/wp-json\/wp\/v2\/users\/2"}],"replies":[{"embeddable":true,"href":"https:\/\/blochavocats.com\/en\/wp-json\/wp\/v2\/comments?post=726"}],"version-history":[{"count":0,"href":"https:\/\/blochavocats.com\/en\/wp-json\/wp\/v2\/pages\/726\/revisions"}],"wp:attachment":[{"href":"https:\/\/blochavocats.com\/en\/wp-json\/wp\/v2\/media?parent=726"}],"wp:term":[{"taxonomy":"category","embeddable":true,"href":"https:\/\/blochavocats.com\/en\/wp-json\/wp\/v2\/categories?post=726"}],"curies":[{"name":"wp","href":"https:\/\/api.w.org\/{rel}","templated":true}]}}