{"id":730,"date":"2024-04-04T12:57:53","date_gmt":"2024-04-04T12:57:53","guid":{"rendered":"http:\/\/blochavocats.com\/banking-and-financial-market-law\/"},"modified":"2024-09-06T12:27:24","modified_gmt":"2024-09-06T12:27:24","slug":"banking-and-financial-market-law","status":"publish","type":"page","link":"https:\/\/blochavocats.com\/en\/areas-of-business\/banking-and-financial-market-law\/","title":{"rendered":"Banking and financial market law"},"content":{"rendered":"","protected":false},"excerpt":{"rendered":"","protected":false},"author":2,"featured_media":0,"parent":733,"menu_order":0,"comment_status":"closed","ping_status":"closed","template":"page-templates\/single-sector.php","meta":{"_acf_changed":false,"inline_featured_image":false,"footnotes":""},"categories":[],"class_list":["post-730","page","type-page","status-publish","hentry"],"acf":[],"yoast_head":"<!-- This site is optimized with the Yoast SEO plugin v27.3 - https:\/\/yoast.com\/product\/yoast-seo-wordpress\/ -->\n<title>Banking and financial market law - Bloch Avocats<\/title>\n<meta name=\"description\" content=\"Conseils de Bloch Avocats \u00e0 Yverdon-les-Bains en droit bancaire et march\u00e9s financiers : r\u00e9glementation, contrats, financement, garanties bancaires, enqu\u00eates FINMA.\" \/>\n<meta name=\"robots\" content=\"index, follow, max-snippet:-1, max-image-preview:large, max-video-preview:-1\" \/>\n<link rel=\"canonical\" href=\"https:\/\/blochavocats.com\/en\/areas-of-business\/banking-and-financial-market-law\/\" \/>\n<meta property=\"og:locale\" content=\"en_US\" \/>\n<meta property=\"og:type\" content=\"article\" \/>\n<meta property=\"og:title\" content=\"Banking and financial market law - Bloch Avocats\" \/>\n<meta property=\"og:description\" content=\"Conseils de Bloch Avocats \u00e0 Yverdon-les-Bains en droit bancaire et march\u00e9s financiers : r\u00e9glementation, contrats, financement, garanties bancaires, enqu\u00eates FINMA.\" \/>\n<meta property=\"og:url\" content=\"https:\/\/blochavocats.com\/en\/areas-of-business\/banking-and-financial-market-law\/\" \/>\n<meta property=\"og:site_name\" content=\"Bloch Avocats\" \/>\n<meta property=\"article:modified_time\" content=\"2024-09-06T12:27:24+00:00\" \/>\n<meta name=\"twitter:card\" content=\"summary_large_image\" \/>\n<script type=\"application\/ld+json\" class=\"yoast-schema-graph\">{\"@context\":\"https:\\\/\\\/schema.org\",\"@graph\":[{\"@type\":\"WebPage\",\"@id\":\"https:\\\/\\\/blochavocats.com\\\/en\\\/areas-of-business\\\/banking-and-financial-market-law\\\/\",\"url\":\"https:\\\/\\\/blochavocats.com\\\/en\\\/areas-of-business\\\/banking-and-financial-market-law\\\/\",\"name\":\"Banking and financial market law - Bloch Avocats\",\"isPartOf\":{\"@id\":\"https:\\\/\\\/blochavocats.com\\\/#website\"},\"datePublished\":\"2024-04-04T12:57:53+00:00\",\"dateModified\":\"2024-09-06T12:27:24+00:00\",\"description\":\"Conseils de Bloch Avocats \u00e0 Yverdon-les-Bains en droit bancaire et march\u00e9s financiers : r\u00e9glementation, contrats, financement, garanties bancaires, enqu\u00eates FINMA.\",\"breadcrumb\":{\"@id\":\"https:\\\/\\\/blochavocats.com\\\/en\\\/areas-of-business\\\/banking-and-financial-market-law\\\/#breadcrumb\"},\"inLanguage\":\"en-US\",\"potentialAction\":[{\"@type\":\"ReadAction\",\"target\":[\"https:\\\/\\\/blochavocats.com\\\/en\\\/areas-of-business\\\/banking-and-financial-market-law\\\/\"]}]},{\"@type\":\"BreadcrumbList\",\"@id\":\"https:\\\/\\\/blochavocats.com\\\/en\\\/areas-of-business\\\/banking-and-financial-market-law\\\/#breadcrumb\",\"itemListElement\":[{\"@type\":\"ListItem\",\"position\":1,\"name\":\"Home\",\"item\":\"http:\\\/\\\/blochavocats.com\\\/en\\\/\"},{\"@type\":\"ListItem\",\"position\":2,\"name\":\"Areas of business\",\"item\":\"https:\\\/\\\/blochavocats.com\\\/en\\\/areas-of-business\\\/\"},{\"@type\":\"ListItem\",\"position\":3,\"name\":\"Banking and financial market law\"}]},{\"@type\":\"WebSite\",\"@id\":\"https:\\\/\\\/blochavocats.com\\\/#website\",\"url\":\"https:\\\/\\\/blochavocats.com\\\/\",\"name\":\"Bloch Avocats\",\"description\":\"\",\"potentialAction\":[{\"@type\":\"SearchAction\",\"target\":{\"@type\":\"EntryPoint\",\"urlTemplate\":\"https:\\\/\\\/blochavocats.com\\\/?s={search_term_string}\"},\"query-input\":{\"@type\":\"PropertyValueSpecification\",\"valueRequired\":true,\"valueName\":\"search_term_string\"}}],\"inLanguage\":\"en-US\"}]}<\/script>\n<!-- \/ Yoast SEO plugin. -->","yoast_head_json":{"title":"Banking and financial market law - Bloch Avocats","description":"Conseils de Bloch Avocats \u00e0 Yverdon-les-Bains en droit bancaire et march\u00e9s financiers : r\u00e9glementation, contrats, financement, garanties bancaires, enqu\u00eates FINMA.","robots":{"index":"index","follow":"follow","max-snippet":"max-snippet:-1","max-image-preview":"max-image-preview:large","max-video-preview":"max-video-preview:-1"},"canonical":"https:\/\/blochavocats.com\/en\/areas-of-business\/banking-and-financial-market-law\/","og_locale":"en_US","og_type":"article","og_title":"Banking and financial market law - Bloch Avocats","og_description":"Conseils de Bloch Avocats \u00e0 Yverdon-les-Bains en droit bancaire et march\u00e9s financiers : r\u00e9glementation, contrats, financement, garanties bancaires, enqu\u00eates FINMA.","og_url":"https:\/\/blochavocats.com\/en\/areas-of-business\/banking-and-financial-market-law\/","og_site_name":"Bloch Avocats","article_modified_time":"2024-09-06T12:27:24+00:00","twitter_card":"summary_large_image","schema":{"@context":"https:\/\/schema.org","@graph":[{"@type":"WebPage","@id":"https:\/\/blochavocats.com\/en\/areas-of-business\/banking-and-financial-market-law\/","url":"https:\/\/blochavocats.com\/en\/areas-of-business\/banking-and-financial-market-law\/","name":"Banking and financial market law - Bloch Avocats","isPartOf":{"@id":"https:\/\/blochavocats.com\/#website"},"datePublished":"2024-04-04T12:57:53+00:00","dateModified":"2024-09-06T12:27:24+00:00","description":"Conseils de Bloch Avocats \u00e0 Yverdon-les-Bains en droit bancaire et march\u00e9s financiers : r\u00e9glementation, contrats, financement, garanties bancaires, enqu\u00eates FINMA.","breadcrumb":{"@id":"https:\/\/blochavocats.com\/en\/areas-of-business\/banking-and-financial-market-law\/#breadcrumb"},"inLanguage":"en-US","potentialAction":[{"@type":"ReadAction","target":["https:\/\/blochavocats.com\/en\/areas-of-business\/banking-and-financial-market-law\/"]}]},{"@type":"BreadcrumbList","@id":"https:\/\/blochavocats.com\/en\/areas-of-business\/banking-and-financial-market-law\/#breadcrumb","itemListElement":[{"@type":"ListItem","position":1,"name":"Home","item":"http:\/\/blochavocats.com\/en\/"},{"@type":"ListItem","position":2,"name":"Areas of business","item":"https:\/\/blochavocats.com\/en\/areas-of-business\/"},{"@type":"ListItem","position":3,"name":"Banking and financial market law"}]},{"@type":"WebSite","@id":"https:\/\/blochavocats.com\/#website","url":"https:\/\/blochavocats.com\/","name":"Bloch Avocats","description":"","potentialAction":[{"@type":"SearchAction","target":{"@type":"EntryPoint","urlTemplate":"https:\/\/blochavocats.com\/?s={search_term_string}"},"query-input":{"@type":"PropertyValueSpecification","valueRequired":true,"valueName":"search_term_string"}}],"inLanguage":"en-US"}]}},"_links":{"self":[{"href":"https:\/\/blochavocats.com\/en\/wp-json\/wp\/v2\/pages\/730","targetHints":{"allow":["GET"]}}],"collection":[{"href":"https:\/\/blochavocats.com\/en\/wp-json\/wp\/v2\/pages"}],"about":[{"href":"https:\/\/blochavocats.com\/en\/wp-json\/wp\/v2\/types\/page"}],"author":[{"embeddable":true,"href":"https:\/\/blochavocats.com\/en\/wp-json\/wp\/v2\/users\/2"}],"replies":[{"embeddable":true,"href":"https:\/\/blochavocats.com\/en\/wp-json\/wp\/v2\/comments?post=730"}],"version-history":[{"count":1,"href":"https:\/\/blochavocats.com\/en\/wp-json\/wp\/v2\/pages\/730\/revisions"}],"predecessor-version":[{"id":735,"href":"https:\/\/blochavocats.com\/en\/wp-json\/wp\/v2\/pages\/730\/revisions\/735"}],"up":[{"embeddable":true,"href":"https:\/\/blochavocats.com\/en\/wp-json\/wp\/v2\/pages\/733"}],"wp:attachment":[{"href":"https:\/\/blochavocats.com\/en\/wp-json\/wp\/v2\/media?parent=730"}],"wp:term":[{"taxonomy":"category","embeddable":true,"href":"https:\/\/blochavocats.com\/en\/wp-json\/wp\/v2\/categories?post=730"}],"curies":[{"name":"wp","href":"https:\/\/api.w.org\/{rel}","templated":true}]}}