{"id":731,"date":"2024-04-04T12:58:11","date_gmt":"2024-04-04T12:58:11","guid":{"rendered":"http:\/\/blochavocats.com\/real-estate-and-construction-law\/"},"modified":"2024-09-06T12:27:24","modified_gmt":"2024-09-06T12:27:24","slug":"real-estate-and-construction-law","status":"publish","type":"page","link":"https:\/\/blochavocats.com\/en\/areas-of-business\/real-estate-and-construction-law\/","title":{"rendered":"Real estate and construction law."},"content":{"rendered":"","protected":false},"excerpt":{"rendered":"","protected":false},"author":2,"featured_media":0,"parent":733,"menu_order":0,"comment_status":"closed","ping_status":"closed","template":"page-templates\/single-sector.php","meta":{"_acf_changed":false,"inline_featured_image":false,"footnotes":""},"categories":[],"class_list":["post-731","page","type-page","status-publish","hentry"],"acf":[],"yoast_head":"<!-- This site is optimized with the Yoast SEO plugin v27.3 - https:\/\/yoast.com\/product\/yoast-seo-wordpress\/ -->\n<title>Real estate and construction law. - Bloch Avocats<\/title>\n<meta name=\"description\" content=\"Bloch Avocats \u00e0 Yverdon-les-Bains : expertise en droit immobilier et construction, copropri\u00e9t\u00e9, permis, d\u00e9fauts de l\u2019ouvrage, acquisitions par \u00e9trangers, droit du voisinage.\" \/>\n<meta name=\"robots\" content=\"index, follow, max-snippet:-1, max-image-preview:large, max-video-preview:-1\" \/>\n<link rel=\"canonical\" href=\"https:\/\/blochavocats.com\/en\/areas-of-business\/real-estate-and-construction-law\/\" \/>\n<meta property=\"og:locale\" content=\"en_US\" \/>\n<meta property=\"og:type\" content=\"article\" \/>\n<meta property=\"og:title\" content=\"Real estate and construction law. - Bloch Avocats\" \/>\n<meta property=\"og:description\" content=\"Bloch Avocats \u00e0 Yverdon-les-Bains : expertise en droit immobilier et construction, copropri\u00e9t\u00e9, permis, d\u00e9fauts de l\u2019ouvrage, acquisitions par \u00e9trangers, droit du voisinage.\" \/>\n<meta property=\"og:url\" content=\"https:\/\/blochavocats.com\/en\/areas-of-business\/real-estate-and-construction-law\/\" \/>\n<meta property=\"og:site_name\" content=\"Bloch Avocats\" \/>\n<meta property=\"article:modified_time\" content=\"2024-09-06T12:27:24+00:00\" \/>\n<meta name=\"twitter:card\" content=\"summary_large_image\" \/>\n<script type=\"application\/ld+json\" class=\"yoast-schema-graph\">{\"@context\":\"https:\\\/\\\/schema.org\",\"@graph\":[{\"@type\":\"WebPage\",\"@id\":\"https:\\\/\\\/blochavocats.com\\\/en\\\/areas-of-business\\\/real-estate-and-construction-law\\\/\",\"url\":\"https:\\\/\\\/blochavocats.com\\\/en\\\/areas-of-business\\\/real-estate-and-construction-law\\\/\",\"name\":\"Real estate and construction law. - Bloch Avocats\",\"isPartOf\":{\"@id\":\"https:\\\/\\\/blochavocats.com\\\/#website\"},\"datePublished\":\"2024-04-04T12:58:11+00:00\",\"dateModified\":\"2024-09-06T12:27:24+00:00\",\"description\":\"Bloch Avocats \u00e0 Yverdon-les-Bains : expertise en droit immobilier et construction, copropri\u00e9t\u00e9, permis, d\u00e9fauts de l\u2019ouvrage, acquisitions par \u00e9trangers, droit du voisinage.\",\"breadcrumb\":{\"@id\":\"https:\\\/\\\/blochavocats.com\\\/en\\\/areas-of-business\\\/real-estate-and-construction-law\\\/#breadcrumb\"},\"inLanguage\":\"en-US\",\"potentialAction\":[{\"@type\":\"ReadAction\",\"target\":[\"https:\\\/\\\/blochavocats.com\\\/en\\\/areas-of-business\\\/real-estate-and-construction-law\\\/\"]}]},{\"@type\":\"BreadcrumbList\",\"@id\":\"https:\\\/\\\/blochavocats.com\\\/en\\\/areas-of-business\\\/real-estate-and-construction-law\\\/#breadcrumb\",\"itemListElement\":[{\"@type\":\"ListItem\",\"position\":1,\"name\":\"Home\",\"item\":\"http:\\\/\\\/blochavocats.com\\\/en\\\/\"},{\"@type\":\"ListItem\",\"position\":2,\"name\":\"Areas of business\",\"item\":\"https:\\\/\\\/blochavocats.com\\\/en\\\/areas-of-business\\\/\"},{\"@type\":\"ListItem\",\"position\":3,\"name\":\"Real estate and construction law.\"}]},{\"@type\":\"WebSite\",\"@id\":\"https:\\\/\\\/blochavocats.com\\\/#website\",\"url\":\"https:\\\/\\\/blochavocats.com\\\/\",\"name\":\"Bloch Avocats\",\"description\":\"\",\"potentialAction\":[{\"@type\":\"SearchAction\",\"target\":{\"@type\":\"EntryPoint\",\"urlTemplate\":\"https:\\\/\\\/blochavocats.com\\\/?s={search_term_string}\"},\"query-input\":{\"@type\":\"PropertyValueSpecification\",\"valueRequired\":true,\"valueName\":\"search_term_string\"}}],\"inLanguage\":\"en-US\"}]}<\/script>\n<!-- \/ Yoast SEO plugin. -->","yoast_head_json":{"title":"Real estate and construction law. - Bloch Avocats","description":"Bloch Avocats \u00e0 Yverdon-les-Bains : expertise en droit immobilier et construction, copropri\u00e9t\u00e9, permis, d\u00e9fauts de l\u2019ouvrage, acquisitions par \u00e9trangers, droit du voisinage.","robots":{"index":"index","follow":"follow","max-snippet":"max-snippet:-1","max-image-preview":"max-image-preview:large","max-video-preview":"max-video-preview:-1"},"canonical":"https:\/\/blochavocats.com\/en\/areas-of-business\/real-estate-and-construction-law\/","og_locale":"en_US","og_type":"article","og_title":"Real estate and construction law. - Bloch Avocats","og_description":"Bloch Avocats \u00e0 Yverdon-les-Bains : expertise en droit immobilier et construction, copropri\u00e9t\u00e9, permis, d\u00e9fauts de l\u2019ouvrage, acquisitions par \u00e9trangers, droit du voisinage.","og_url":"https:\/\/blochavocats.com\/en\/areas-of-business\/real-estate-and-construction-law\/","og_site_name":"Bloch Avocats","article_modified_time":"2024-09-06T12:27:24+00:00","twitter_card":"summary_large_image","schema":{"@context":"https:\/\/schema.org","@graph":[{"@type":"WebPage","@id":"https:\/\/blochavocats.com\/en\/areas-of-business\/real-estate-and-construction-law\/","url":"https:\/\/blochavocats.com\/en\/areas-of-business\/real-estate-and-construction-law\/","name":"Real estate and construction law. - Bloch Avocats","isPartOf":{"@id":"https:\/\/blochavocats.com\/#website"},"datePublished":"2024-04-04T12:58:11+00:00","dateModified":"2024-09-06T12:27:24+00:00","description":"Bloch Avocats \u00e0 Yverdon-les-Bains : expertise en droit immobilier et construction, copropri\u00e9t\u00e9, permis, d\u00e9fauts de l\u2019ouvrage, acquisitions par \u00e9trangers, droit du voisinage.","breadcrumb":{"@id":"https:\/\/blochavocats.com\/en\/areas-of-business\/real-estate-and-construction-law\/#breadcrumb"},"inLanguage":"en-US","potentialAction":[{"@type":"ReadAction","target":["https:\/\/blochavocats.com\/en\/areas-of-business\/real-estate-and-construction-law\/"]}]},{"@type":"BreadcrumbList","@id":"https:\/\/blochavocats.com\/en\/areas-of-business\/real-estate-and-construction-law\/#breadcrumb","itemListElement":[{"@type":"ListItem","position":1,"name":"Home","item":"http:\/\/blochavocats.com\/en\/"},{"@type":"ListItem","position":2,"name":"Areas of business","item":"https:\/\/blochavocats.com\/en\/areas-of-business\/"},{"@type":"ListItem","position":3,"name":"Real estate and construction law."}]},{"@type":"WebSite","@id":"https:\/\/blochavocats.com\/#website","url":"https:\/\/blochavocats.com\/","name":"Bloch Avocats","description":"","potentialAction":[{"@type":"SearchAction","target":{"@type":"EntryPoint","urlTemplate":"https:\/\/blochavocats.com\/?s={search_term_string}"},"query-input":{"@type":"PropertyValueSpecification","valueRequired":true,"valueName":"search_term_string"}}],"inLanguage":"en-US"}]}},"_links":{"self":[{"href":"https:\/\/blochavocats.com\/en\/wp-json\/wp\/v2\/pages\/731","targetHints":{"allow":["GET"]}}],"collection":[{"href":"https:\/\/blochavocats.com\/en\/wp-json\/wp\/v2\/pages"}],"about":[{"href":"https:\/\/blochavocats.com\/en\/wp-json\/wp\/v2\/types\/page"}],"author":[{"embeddable":true,"href":"https:\/\/blochavocats.com\/en\/wp-json\/wp\/v2\/users\/2"}],"replies":[{"embeddable":true,"href":"https:\/\/blochavocats.com\/en\/wp-json\/wp\/v2\/comments?post=731"}],"version-history":[{"count":1,"href":"https:\/\/blochavocats.com\/en\/wp-json\/wp\/v2\/pages\/731\/revisions"}],"predecessor-version":[{"id":736,"href":"https:\/\/blochavocats.com\/en\/wp-json\/wp\/v2\/pages\/731\/revisions\/736"}],"up":[{"embeddable":true,"href":"https:\/\/blochavocats.com\/en\/wp-json\/wp\/v2\/pages\/733"}],"wp:attachment":[{"href":"https:\/\/blochavocats.com\/en\/wp-json\/wp\/v2\/media?parent=731"}],"wp:term":[{"taxonomy":"category","embeddable":true,"href":"https:\/\/blochavocats.com\/en\/wp-json\/wp\/v2\/categories?post=731"}],"curies":[{"name":"wp","href":"https:\/\/api.w.org\/{rel}","templated":true}]}}