{"id":733,"date":"2024-04-04T12:54:19","date_gmt":"2024-04-04T12:54:19","guid":{"rendered":"http:\/\/blochavocats.com\/domaines\/"},"modified":"2024-09-10T14:15:25","modified_gmt":"2024-09-10T14:15:25","slug":"areas-of-business","status":"publish","type":"page","link":"https:\/\/blochavocats.com\/en\/areas-of-business\/","title":{"rendered":"Areas of business"},"content":{"rendered":"","protected":false},"excerpt":{"rendered":"","protected":false},"author":2,"featured_media":0,"parent":0,"menu_order":0,"comment_status":"closed","ping_status":"closed","template":"page-templates\/sector.php","meta":{"_acf_changed":false,"inline_featured_image":false,"footnotes":""},"categories":[],"class_list":["post-733","page","type-page","status-publish","hentry"],"acf":[],"yoast_head":"<!-- This site is optimized with the Yoast SEO plugin v27.3 - https:\/\/yoast.com\/product\/yoast-seo-wordpress\/ -->\n<title>Areas of business - Bloch Avocats<\/title>\n<meta name=\"description\" content=\"Domaines d&#039;expertise de Bloch Avocats \u00e0 Yverdon-les-Bains : droit commercial, bancaire, immobilier, soci\u00e9t\u00e9s et accompagnement des particuliers.\" \/>\n<meta name=\"robots\" content=\"index, follow, max-snippet:-1, max-image-preview:large, max-video-preview:-1\" \/>\n<link rel=\"canonical\" href=\"https:\/\/blochavocats.com\/en\/areas-of-business\/\" \/>\n<meta property=\"og:locale\" content=\"en_US\" \/>\n<meta property=\"og:type\" content=\"article\" \/>\n<meta property=\"og:title\" content=\"Areas of business - Bloch Avocats\" \/>\n<meta property=\"og:description\" content=\"Domaines d&#039;expertise de Bloch Avocats \u00e0 Yverdon-les-Bains : droit commercial, bancaire, immobilier, soci\u00e9t\u00e9s et accompagnement des particuliers.\" \/>\n<meta property=\"og:url\" content=\"https:\/\/blochavocats.com\/en\/areas-of-business\/\" \/>\n<meta property=\"og:site_name\" content=\"Bloch Avocats\" \/>\n<meta property=\"article:modified_time\" content=\"2024-09-10T14:15:25+00:00\" \/>\n<meta name=\"twitter:card\" content=\"summary_large_image\" \/>\n<script type=\"application\/ld+json\" class=\"yoast-schema-graph\">{\"@context\":\"https:\\\/\\\/schema.org\",\"@graph\":[{\"@type\":\"WebPage\",\"@id\":\"https:\\\/\\\/blochavocats.com\\\/en\\\/areas-of-business\\\/\",\"url\":\"https:\\\/\\\/blochavocats.com\\\/en\\\/areas-of-business\\\/\",\"name\":\"Areas of business - Bloch Avocats\",\"isPartOf\":{\"@id\":\"https:\\\/\\\/blochavocats.com\\\/#website\"},\"datePublished\":\"2024-04-04T12:54:19+00:00\",\"dateModified\":\"2024-09-10T14:15:25+00:00\",\"description\":\"Domaines d'expertise de Bloch Avocats \u00e0 Yverdon-les-Bains : droit commercial, bancaire, immobilier, soci\u00e9t\u00e9s et accompagnement des particuliers.\",\"breadcrumb\":{\"@id\":\"https:\\\/\\\/blochavocats.com\\\/en\\\/areas-of-business\\\/#breadcrumb\"},\"inLanguage\":\"en-US\",\"potentialAction\":[{\"@type\":\"ReadAction\",\"target\":[\"https:\\\/\\\/blochavocats.com\\\/en\\\/areas-of-business\\\/\"]}]},{\"@type\":\"BreadcrumbList\",\"@id\":\"https:\\\/\\\/blochavocats.com\\\/en\\\/areas-of-business\\\/#breadcrumb\",\"itemListElement\":[{\"@type\":\"ListItem\",\"position\":1,\"name\":\"Home\",\"item\":\"http:\\\/\\\/blochavocats.com\\\/en\\\/\"},{\"@type\":\"ListItem\",\"position\":2,\"name\":\"Areas of business\"}]},{\"@type\":\"WebSite\",\"@id\":\"https:\\\/\\\/blochavocats.com\\\/#website\",\"url\":\"https:\\\/\\\/blochavocats.com\\\/\",\"name\":\"Bloch Avocats\",\"description\":\"\",\"potentialAction\":[{\"@type\":\"SearchAction\",\"target\":{\"@type\":\"EntryPoint\",\"urlTemplate\":\"https:\\\/\\\/blochavocats.com\\\/?s={search_term_string}\"},\"query-input\":{\"@type\":\"PropertyValueSpecification\",\"valueRequired\":true,\"valueName\":\"search_term_string\"}}],\"inLanguage\":\"en-US\"}]}<\/script>\n<!-- \/ Yoast SEO plugin. -->","yoast_head_json":{"title":"Areas of business - Bloch Avocats","description":"Domaines d'expertise de Bloch Avocats \u00e0 Yverdon-les-Bains : droit commercial, bancaire, immobilier, soci\u00e9t\u00e9s et accompagnement des particuliers.","robots":{"index":"index","follow":"follow","max-snippet":"max-snippet:-1","max-image-preview":"max-image-preview:large","max-video-preview":"max-video-preview:-1"},"canonical":"https:\/\/blochavocats.com\/en\/areas-of-business\/","og_locale":"en_US","og_type":"article","og_title":"Areas of business - Bloch Avocats","og_description":"Domaines d'expertise de Bloch Avocats \u00e0 Yverdon-les-Bains : droit commercial, bancaire, immobilier, soci\u00e9t\u00e9s et accompagnement des particuliers.","og_url":"https:\/\/blochavocats.com\/en\/areas-of-business\/","og_site_name":"Bloch Avocats","article_modified_time":"2024-09-10T14:15:25+00:00","twitter_card":"summary_large_image","schema":{"@context":"https:\/\/schema.org","@graph":[{"@type":"WebPage","@id":"https:\/\/blochavocats.com\/en\/areas-of-business\/","url":"https:\/\/blochavocats.com\/en\/areas-of-business\/","name":"Areas of business - Bloch Avocats","isPartOf":{"@id":"https:\/\/blochavocats.com\/#website"},"datePublished":"2024-04-04T12:54:19+00:00","dateModified":"2024-09-10T14:15:25+00:00","description":"Domaines d'expertise de Bloch Avocats \u00e0 Yverdon-les-Bains : droit commercial, bancaire, immobilier, soci\u00e9t\u00e9s et accompagnement des particuliers.","breadcrumb":{"@id":"https:\/\/blochavocats.com\/en\/areas-of-business\/#breadcrumb"},"inLanguage":"en-US","potentialAction":[{"@type":"ReadAction","target":["https:\/\/blochavocats.com\/en\/areas-of-business\/"]}]},{"@type":"BreadcrumbList","@id":"https:\/\/blochavocats.com\/en\/areas-of-business\/#breadcrumb","itemListElement":[{"@type":"ListItem","position":1,"name":"Home","item":"http:\/\/blochavocats.com\/en\/"},{"@type":"ListItem","position":2,"name":"Areas of business"}]},{"@type":"WebSite","@id":"https:\/\/blochavocats.com\/#website","url":"https:\/\/blochavocats.com\/","name":"Bloch Avocats","description":"","potentialAction":[{"@type":"SearchAction","target":{"@type":"EntryPoint","urlTemplate":"https:\/\/blochavocats.com\/?s={search_term_string}"},"query-input":{"@type":"PropertyValueSpecification","valueRequired":true,"valueName":"search_term_string"}}],"inLanguage":"en-US"}]}},"_links":{"self":[{"href":"https:\/\/blochavocats.com\/en\/wp-json\/wp\/v2\/pages\/733","targetHints":{"allow":["GET"]}}],"collection":[{"href":"https:\/\/blochavocats.com\/en\/wp-json\/wp\/v2\/pages"}],"about":[{"href":"https:\/\/blochavocats.com\/en\/wp-json\/wp\/v2\/types\/page"}],"author":[{"embeddable":true,"href":"https:\/\/blochavocats.com\/en\/wp-json\/wp\/v2\/users\/2"}],"replies":[{"embeddable":true,"href":"https:\/\/blochavocats.com\/en\/wp-json\/wp\/v2\/comments?post=733"}],"version-history":[{"count":3,"href":"https:\/\/blochavocats.com\/en\/wp-json\/wp\/v2\/pages\/733\/revisions"}],"predecessor-version":[{"id":748,"href":"https:\/\/blochavocats.com\/en\/wp-json\/wp\/v2\/pages\/733\/revisions\/748"}],"wp:attachment":[{"href":"https:\/\/blochavocats.com\/en\/wp-json\/wp\/v2\/media?parent=733"}],"wp:term":[{"taxonomy":"category","embeddable":true,"href":"https:\/\/blochavocats.com\/en\/wp-json\/wp\/v2\/categories?post=733"}],"curies":[{"name":"wp","href":"https:\/\/api.w.org\/{rel}","templated":true}]}}